{"id":22,"date":"2023-04-23T10:21:27","date_gmt":"2023-04-23T02:21:27","guid":{"rendered":"https:\/\/cnbalers.com\/?page_id=22"},"modified":"2023-05-23T13:59:51","modified_gmt":"2023-05-23T05:59:51","slug":"industries","status":"publish","type":"page","link":"https:\/\/cnbalers.com\/es\/industries\/","title":{"rendered":"Industrias"},"content":{"rendered":"<div data-elementor-type=\"wp-page\" data-elementor-id=\"22\" class=\"elementor elementor-22\" data-elementor-post-type=\"page\"> \t\t\t\t<div class=\"elementor-element elementor-element-61a84a0 e-flex e-con-boxed e-con e-parent\" data-id=\"61a84a0\" data-element_type=\"container\" data-e-type=\"container\" data-settings=\"{&quot;background_background&quot;:&quot;classic&quot;}\"> \t\t\t\t\t<div class=\"e-con-inner\"> \t\t\t\t<div class=\"elementor-element elementor-element-d57d858 elementor-widget elementor-widget-heading\" data-id=\"d57d858\" data-element_type=\"widget\" data-e-type=\"widget\" data-widget_type=\"heading.default\"> \t\t\t\t\t<h2 class=\"elementor-heading-title elementor-size-default\">Industrias<\/h2>\t\t\t\t<\/div> \t\t\t\t\t<\/div> \t\t\t\t<\/div> \t\t<div class=\"elementor-element elementor-element-b91671b e-flex e-con-boxed e-con e-parent\" data-id=\"b91671b\" data-element_type=\"container\" data-e-type=\"container\"> \t\t\t\t\t<div class=\"e-con-inner\"> \t\t\t\t<div class=\"elementor-element elementor-element-7c1f289 elementor-widget elementor-widget-text-editor\" data-id=\"7c1f289\" data-element_type=\"widget\" data-e-type=\"widget\" data-widget_type=\"text-editor.default\"> \t\t\t\t\t\t\t\t\t<p class=\"translation-block\">Nuestros <a href=\"https:\/\/cnbalers.com\/es\/products\/\"><em><strong>prensas industriales<\/strong><\/em><\/a> juegan un papel vital en la industria del reciclaje y la gesti\u00f3n de residuos. Su s\u00f3lida construcci\u00f3n y avanzadas capacidades de compactaci\u00f3n procesan de manera eficiente materiales reciclables, como <em><strong>cart\u00f3n, papel, pl\u00e1sticos, textiles, chatarra, neum\u00e1ticos, aserr\u00edn y latas de aluminio<\/strong><\/em>. Al reducir el volumen de residuos y facilitar el reciclaje, nuestras prensas ayudan a las organizaciones a cumplir con los objetivos de sostenibilidad mientras minimizan costos.<\/p><p class=\"translation-block\">En <a href=\"https:\/\/cnbalers.com\/es\/\"><em><strong>Shuliy Machinery<\/strong><\/em><\/a>, entendemos que cada industria tiene requisitos \u00fanicos. Nuestras prensas industriales pueden ser personalizadas para adaptarse a sus necesidades, incluyendo tipos de material, volumen y preferencias operativas. Nuestro compromiso con el mantenimiento confiable y un soporte al cliente excepcional asegura que sus prensas funcionen de manera \u00f3ptima durante muchos a\u00f1os.<\/p>\t\t\t\t\t\t\t\t<\/div> \t\t\t\t\t<\/div> \t\t\t\t<\/div> \t\t<div class=\"elementor-element elementor-element-f6c0500 e-flex e-con-boxed e-con e-parent\" data-id=\"f6c0500\" data-element_type=\"container\" data-e-type=\"container\"> \t\t\t\t\t<div class=\"e-con-inner\"> \t\t<div class=\"elementor-element elementor-element-5a3007a e-con-full e-flex e-con e-parent\" data-id=\"5a3007a\" data-element_type=\"container\" data-e-type=\"container\"> \t\t\t\t<div class=\"elementor-element elementor-element-041cc34 elementor-widget elementor-widget-image\" data-id=\"041cc34\" data-element_type=\"widget\" data-e-type=\"widget\" data-widget_type=\"image.default\"> \t\t\t\t\t\t\t\t\t\t\t\t<figure class=\"wp-caption\"> \t\t\t\t\t\t\t\t\t\t\t<a href=\"https:\/\/cnbalers.com\/es\/products\/cardboard-baler\/\"> \t\t\t\t\t\t\t<img decoding=\"async\" src=\"https:\/\/cnbalers.com\/wp-content\/uploads\/elementor\/thumbs\/cardboard-baling-solution-q6kt4xs6wnm3udk5nl8gcqm0zq4w5t5plozjalf28g.jpg\" title=\"soluci\u00f3n de compactaci\u00f3n de cart\u00f3n\" alt=\"soluci\u00f3n de compactaci\u00f3n de cart\u00f3n\" loading=\"lazy\" \/>\t\t\t\t\t\t\t\t<\/a> \t\t\t\t\t\t\t\t\t\t\t<figcaption class=\"widget-image-caption wp-caption-text\">soluci\u00f3n de compactaci\u00f3n de cart\u00f3n<\/figcaption> \t\t\t\t\t\t\t\t\t\t<\/figure> \t\t\t\t\t\t\t\t\t<\/div> \t\t\t\t<\/div> \t\t<div class=\"elementor-element elementor-element-78f401a e-con-full e-flex e-con e-parent\" data-id=\"78f401a\" data-element_type=\"container\" data-e-type=\"container\"> \t\t\t\t<div class=\"elementor-element elementor-element-af2ba71 elementor-widget elementor-widget-image\" data-id=\"af2ba71\" data-element_type=\"widget\" data-e-type=\"widget\" data-widget_type=\"image.default\"> \t\t\t\t\t\t\t\t\t\t\t\t<figure class=\"wp-caption\"> \t\t\t\t\t\t\t\t\t\t\t<a href=\"https:\/\/cnbalers.com\/es\/products\/plastic-bottle-baler\/\"> \t\t\t\t\t\t\t<img decoding=\"async\" src=\"https:\/\/cnbalers.com\/wp-content\/uploads\/elementor\/thumbs\/plastic-bottle-baling-solution-q6kt6ef5jdm5wjfp47zk8dbu9axg4uyogxiq6390k0.jpg\" title=\"soluci\u00f3n de embalaje de botellas de pl\u00e1stico\" alt=\"soluci\u00f3n de embalaje de botellas de pl\u00e1stico\" loading=\"lazy\" \/>\t\t\t\t\t\t\t\t<\/a> \t\t\t\t\t\t\t\t\t\t\t<figcaption class=\"widget-image-caption wp-caption-text\">soluci\u00f3n de embalaje de botellas de pl\u00e1stico<\/figcaption> \t\t\t\t\t\t\t\t\t\t<\/figure> \t\t\t\t\t\t\t\t\t<\/div> \t\t\t\t<\/div> \t\t<div class=\"elementor-element elementor-element-3a6ff03 e-con-full e-flex e-con e-parent\" data-id=\"3a6ff03\" data-element_type=\"container\" data-e-type=\"container\"> \t\t\t\t<div class=\"elementor-element elementor-element-b2c3ed2 elementor-widget elementor-widget-image\" data-id=\"b2c3ed2\" data-element_type=\"widget\" data-e-type=\"widget\" data-widget_type=\"image.default\"> \t\t\t\t\t\t\t\t\t\t\t\t<figure class=\"wp-caption\"> \t\t\t\t\t\t\t\t\t\t\t<a href=\"https:\/\/cnbalers.com\/es\/products\/scrap-metal-baler\/\"> \t\t\t\t\t\t\t<img decoding=\"async\" src=\"https:\/\/cnbalers.com\/wp-content\/uploads\/elementor\/thumbs\/scrap-metal-baling-solution-q6kt7s8llliczvfc1biseir9qq3wgtggbs3glr75e8.jpg\" title=\"soluci\u00f3n de compactaci\u00f3n de chatarra\" alt=\"soluci\u00f3n de compactaci\u00f3n de chatarra\" loading=\"lazy\" \/>\t\t\t\t\t\t\t\t<\/a> \t\t\t\t\t\t\t\t\t\t\t<figcaption class=\"widget-image-caption wp-caption-text\">soluci\u00f3n de compactaci\u00f3n de chatarra<\/figcaption> \t\t\t\t\t\t\t\t\t\t<\/figure> \t\t\t\t\t\t\t\t\t<\/div> \t\t\t\t<\/div> \t\t<div class=\"elementor-element elementor-element-f9a43f7 e-con-full e-flex e-con e-parent\" data-id=\"f9a43f7\" data-element_type=\"container\" data-e-type=\"container\"> \t\t\t\t<div class=\"elementor-element elementor-element-26fba39 elementor-widget elementor-widget-image\" data-id=\"26fba39\" data-element_type=\"widget\" data-e-type=\"widget\" data-widget_type=\"image.default\"> \t\t\t\t\t\t\t\t\t\t\t\t<figure class=\"wp-caption\"> \t\t\t\t\t\t\t\t\t\t\t<a href=\"https:\/\/cnbalers.com\/es\/products\/paper-baler\/\"> \t\t\t\t\t\t\t<img decoding=\"async\" src=\"https:\/\/cnbalers.com\/wp-content\/uploads\/elementor\/thumbs\/paper-baling-solution-q6kt946da5bzfzhp9e8rfons1djmddqridd82v82kw.jpg\" title=\"soluci\u00f3n de compactaci\u00f3n de papel\" alt=\"soluci\u00f3n de compactaci\u00f3n de papel\" loading=\"lazy\" \/>\t\t\t\t\t\t\t\t<\/a> \t\t\t\t\t\t\t\t\t\t\t<figcaption class=\"widget-image-caption wp-caption-text\">soluci\u00f3n de compactaci\u00f3n de papel<\/figcaption> \t\t\t\t\t\t\t\t\t\t<\/figure> \t\t\t\t\t\t\t\t\t<\/div> \t\t\t\t<\/div> \t\t\t\t\t<\/div> \t\t\t\t<\/div> \t\t<div class=\"elementor-element elementor-element-70e7e08 e-flex e-con-boxed e-con e-parent\" data-id=\"70e7e08\" data-element_type=\"container\" data-e-type=\"container\"> \t\t\t\t\t<div class=\"e-con-inner\"> \t\t<div class=\"elementor-element elementor-element-9637cd3 e-con-full e-flex e-con e-parent\" data-id=\"9637cd3\" data-element_type=\"container\" data-e-type=\"container\"> \t\t\t\t<div class=\"elementor-element elementor-element-dac16d7 elementor-widget elementor-widget-image\" data-id=\"dac16d7\" data-element_type=\"widget\" data-e-type=\"widget\" data-widget_type=\"image.default\"> \t\t\t\t\t\t\t\t\t\t\t\t<figure class=\"wp-caption\"> \t\t\t\t\t\t\t\t\t\t\t<a href=\"https:\/\/cnbalers.com\/es\/products\/textile-baler\/\"> \t\t\t\t\t\t\t<img fetchpriority=\"high\" decoding=\"async\" width=\"480\" height=\"360\" src=\"https:\/\/cnbalers.com\/wp-content\/uploads\/2023\/05\/textile-baling-solution.jpg\" class=\"attachment-medium size-medium wp-image-1404\" alt=\"soluci\u00f3n de compactaci\u00f3n de textiles\" \/>\t\t\t\t\t\t\t\t<\/a> \t\t\t\t\t\t\t\t\t\t\t<figcaption class=\"widget-image-caption wp-caption-text\">soluci\u00f3n de compactaci\u00f3n de textiles<\/figcaption> \t\t\t\t\t\t\t\t\t\t<\/figure> \t\t\t\t\t\t\t\t\t<\/div> \t\t\t\t<\/div> \t\t<div class=\"elementor-element elementor-element-f67c8c2 e-con-full e-flex e-con e-parent\" data-id=\"f67c8c2\" data-element_type=\"container\" data-e-type=\"container\"> \t\t\t\t<div class=\"elementor-element elementor-element-5e9d9a9 elementor-widget elementor-widget-image\" data-id=\"5e9d9a9\" data-element_type=\"widget\" data-e-type=\"widget\" data-widget_type=\"image.default\"> \t\t\t\t\t\t\t\t\t\t\t\t<figure class=\"wp-caption\"> \t\t\t\t\t\t\t\t\t\t\t<a href=\"https:\/\/cnbalers.com\/es\/products\/tyre-baler\/\"> \t\t\t\t\t\t\t<img decoding=\"async\" width=\"480\" height=\"360\" src=\"https:\/\/cnbalers.com\/wp-content\/uploads\/2023\/05\/tyre-baling-solution.jpg\" class=\"attachment-medium size-medium wp-image-1405\" alt=\"\" \/>\t\t\t\t\t\t\t\t<\/a> \t\t\t\t\t\t\t\t\t\t\t<figcaption class=\"widget-image-caption wp-caption-text\">soluci\u00f3n de compactaci\u00f3n de neum\u00e1ticos<\/figcaption> \t\t\t\t\t\t\t\t\t\t<\/figure> \t\t\t\t\t\t\t\t\t<\/div> \t\t\t\t<\/div> \t\t<div class=\"elementor-element elementor-element-fd19653 e-con-full e-flex e-con e-parent\" data-id=\"fd19653\" data-element_type=\"container\" data-e-type=\"container\"> \t\t\t\t<div class=\"elementor-element elementor-element-4042d23 elementor-widget elementor-widget-image\" data-id=\"4042d23\" data-element_type=\"widget\" data-e-type=\"widget\" data-widget_type=\"image.default\"> \t\t\t\t\t\t\t\t\t\t\t\t<figure class=\"wp-caption\"> \t\t\t\t\t\t\t\t\t\t\t<a href=\"https:\/\/cnbalers.com\/es\/products\/aluminum-can-baler\/\"> \t\t\t\t\t\t\t<img decoding=\"async\" width=\"480\" height=\"360\" src=\"https:\/\/cnbalers.com\/wp-content\/uploads\/2023\/05\/aluminum-can-baling-solution.jpg\" class=\"attachment-medium size-medium wp-image-1406\" alt=\"soluci\u00f3n de compactaci\u00f3n de latas de aluminio\" \/>\t\t\t\t\t\t\t\t<\/a> \t\t\t\t\t\t\t\t\t\t\t<figcaption class=\"widget-image-caption wp-caption-text\">soluci\u00f3n de compactaci\u00f3n de latas de aluminio<\/figcaption> \t\t\t\t\t\t\t\t\t\t<\/figure> \t\t\t\t\t\t\t\t\t<\/div> \t\t\t\t<\/div> \t\t<div class=\"elementor-element elementor-element-ade4634 e-con-full e-flex e-con e-parent\" data-id=\"ade4634\" data-element_type=\"container\" data-e-type=\"container\"> \t\t\t\t<div class=\"elementor-element elementor-element-4cb035e elementor-widget elementor-widget-image\" data-id=\"4cb035e\" data-element_type=\"widget\" data-e-type=\"widget\" data-widget_type=\"image.default\"> \t\t\t\t\t\t\t\t\t\t\t\t<figure class=\"wp-caption\"> \t\t\t\t\t\t\t\t\t\t\t<a href=\"https:\/\/cnbalers.com\/es\/products\/sawdust-baler\/\"> \t\t\t\t\t\t\t<img loading=\"lazy\" decoding=\"async\" width=\"480\" height=\"360\" src=\"https:\/\/cnbalers.com\/wp-content\/uploads\/2023\/05\/sawdust-bale-solution.jpg\" class=\"attachment-large size-large wp-image-1569\" alt=\"soluci\u00f3n de pacas de aserr\u00edn\" \/>\t\t\t\t\t\t\t\t<\/a> \t\t\t\t\t\t\t\t\t\t\t<figcaption class=\"widget-image-caption wp-caption-text\">soluci\u00f3n de pacas de aserr\u00edn<\/figcaption> \t\t\t\t\t\t\t\t\t\t<\/figure> \t\t\t\t\t\t\t\t\t<\/div> \t\t\t\t<\/div> \t\t\t\t\t<\/div> \t\t\t\t<\/div> \t\t<div class=\"elementor-element elementor-element-9ceefb2 e-flex e-con-boxed e-con e-parent\" data-id=\"9ceefb2\" data-element_type=\"container\" data-e-type=\"container\"> \t\t\t\t\t<div class=\"e-con-inner\"> \t\t\t\t<div class=\"elementor-element elementor-element-a26ae84 elementor-widget elementor-widget-text-editor\" data-id=\"a26ae84\" data-element_type=\"widget\" data-e-type=\"widget\" data-widget_type=\"text-editor.default\"> \t\t\t\t\t\t\t\t\t<p>Elige Shuliy para prensas industriales l\u00edderes en la industria y experimenta la diferencia en eficiencia, sostenibilidad y ahorro de costos. Cont\u00e1ctanos hoy para discutir tus requisitos y explorar c\u00f3mo nuestras prensas pueden transformar tu industria.<\/p>\t\t\t\t\t\t\t\t<\/div> \t\t\t\t\t<\/div> \t\t\t\t<\/div> \t\t\t\t<\/div>","protected":false},"excerpt":{"rendered":"<p>Industries Our industrial balers play a vital role in the recycling and waste management industry. Their strong construction and advanced compaction capabilities efficiently process recyclable materials, such as cardboard, paper, plastics, textiles, scrap metal, tires, sawdust, and aluminum cans. By reducing waste volume and facilitating recycling, our balers help organizations meet sustainability goals while minimizing [&hellip;]<\/p>\n","protected":false},"author":1,"featured_media":0,"parent":0,"menu_order":0,"comment_status":"closed","ping_status":"closed","template":"","meta":{"footnotes":""},"class_list":["post-22","page","type-page","status-publish","hentry"],"_links":{"self":[{"href":"https:\/\/cnbalers.com\/es\/wp-json\/wp\/v2\/pages\/22","targetHints":{"allow":["GET"]}}],"collection":[{"href":"https:\/\/cnbalers.com\/es\/wp-json\/wp\/v2\/pages"}],"about":[{"href":"https:\/\/cnbalers.com\/es\/wp-json\/wp\/v2\/types\/page"}],"author":[{"embeddable":true,"href":"https:\/\/cnbalers.com\/es\/wp-json\/wp\/v2\/users\/1"}],"replies":[{"embeddable":true,"href":"https:\/\/cnbalers.com\/es\/wp-json\/wp\/v2\/comments?post=22"}],"version-history":[{"count":0,"href":"https:\/\/cnbalers.com\/es\/wp-json\/wp\/v2\/pages\/22\/revisions"}],"wp:attachment":[{"href":"https:\/\/cnbalers.com\/es\/wp-json\/wp\/v2\/media?parent=22"}],"curies":[{"name":"wp","href":"https:\/\/api.w.org\/{rel}","templated":true}]}}