{"id":24,"date":"2023-04-23T10:22:10","date_gmt":"2023-04-23T02:22:10","guid":{"rendered":"https:\/\/cnbalers.com\/?page_id=24"},"modified":"2025-10-11T11:14:18","modified_gmt":"2025-10-11T03:14:18","slug":"home","status":"publish","type":"page","link":"https:\/\/cnbalers.com\/es\/","title":{"rendered":"Proveedor de m\u00e1quinas de balas industriales y comerciales"},"content":{"rendered":"<div data-elementor-type=\"wp-page\" data-elementor-id=\"24\" class=\"elementor elementor-24\" data-elementor-post-type=\"page\"> \t\t\t\t<div class=\"elementor-element elementor-element-a1b1be9 e-con-full e-flex e-con e-parent\" data-id=\"a1b1be9\" data-element_type=\"container\" data-e-type=\"container\"> \t\t\t\t<div class=\"elementor-element elementor-element-1b89b32 elementor--h-position-center elementor--v-position-middle elementor-arrows-position-inside elementor-pagination-position-inside elementor-widget elementor-widget-slides\" data-id=\"1b89b32\" data-element_type=\"widget\" data-e-type=\"widget\" data-settings=\"{&quot;_animation&quot;:&quot;none&quot;,&quot;autoplay_speed&quot;:3000,&quot;navigation&quot;:&quot;both&quot;,&quot;autoplay&quot;:&quot;yes&quot;,&quot;pause_on_hover&quot;:&quot;yes&quot;,&quot;pause_on_interaction&quot;:&quot;yes&quot;,&quot;infinite&quot;:&quot;yes&quot;,&quot;transition&quot;:&quot;slide&quot;,&quot;transition_speed&quot;:500}\" data-widget_type=\"slides.default\"> \t\t\t\t\t\t\t\t\t\t<div class=\"elementor-slides-wrapper elementor-main-swiper swiper\" role=\"region\" aria-roledescription=\"carousel\" aria-label=\"Diapositivas\" dir=\"ltr\" data-animation=\"\"> \t\t\t\t<div class=\"swiper-wrapper elementor-slides\"> \t\t\t\t\t\t\t\t\t\t<div class=\"elementor-repeater-item-414db73 swiper-slide\" role=\"group\" aria-roledescription=\"slide\"><div class=\"swiper-slide-bg\" role=\"img\" aria-label=\"1\"><\/div><div class=\"swiper-slide-inner\" ><div class=\"swiper-slide-contents\"><div class=\"elementor-slide-heading\">Compa\u00f1\u00eda de balas Shuliy<\/div><div class=\"elementor-slide-description\">Fabricante y exportador de prensas industriales l\u00edder y de confianza<\/div><\/div><\/div><\/div><div class=\"elementor-repeater-item-b3e9f6b swiper-slide\" role=\"group\" aria-roledescription=\"slide\"><div class=\"swiper-slide-bg\" role=\"img\" aria-label=\"3\"><\/div><div class=\"swiper-slide-inner\" ><div class=\"swiper-slide-contents\"><div class=\"elementor-slide-heading\">Compa\u00f1\u00eda de balas Shuliy<\/div><div class=\"elementor-slide-description\">Fabricante y exportador de prensas industriales l\u00edder y de confianza<\/div><\/div><\/div><\/div><div class=\"elementor-repeater-item-f562b5d swiper-slide\" role=\"group\" aria-roledescription=\"slide\"><div class=\"swiper-slide-bg\" role=\"img\" aria-label=\"5\"><\/div><div class=\"swiper-slide-inner\" ><div class=\"swiper-slide-contents\"><div class=\"elementor-slide-heading\">Compa\u00f1\u00eda de balas Shuliy<\/div><div class=\"elementor-slide-description\">Fabricante y exportador de prensas industriales l\u00edder y de confianza<\/div><\/div><\/div><\/div>\t\t\t\t<\/div> \t\t\t\t\t\t\t\t\t\t\t\t\t\t\t<div class=\"elementor-swiper-button elementor-swiper-button-prev\" role=\"button\" tabindex=\"0\" aria-label=\"Diapositiva anterior\"> \t\t\t\t\t\t\t<svg aria-hidden=\"true\" class=\"e-font-icon-svg e-eicon-chevron-left\" viewbox=\"0 0 1000 1000\" xmlns=\"http:\/\/www.w3.org\/2000\/svg\"><path d=\"M646 125C629 125 613 133 604 142L308 442C296 454 292 471 292 487 292 504 296 521 308 533L604 854C617 867 629 875 646 875 663 875 679 871 692 858 704 846 713 829 713 812 713 796 708 779 692 767L438 487 692 225C700 217 708 204 708 187 708 171 704 154 692 142 675 129 663 125 646 125Z\"><\/path><\/svg>\t\t\t\t\t\t<\/div> \t\t\t\t\t\t<div class=\"elementor-swiper-button elementor-swiper-button-next\" role=\"button\" tabindex=\"0\" aria-label=\"Siguiente diapositiva\"> \t\t\t\t\t\t\t<svg aria-hidden=\"true\" class=\"e-font-icon-svg e-eicon-chevron-right\" viewbox=\"0 0 1000 1000\" xmlns=\"http:\/\/www.w3.org\/2000\/svg\"><path d=\"M696 533C708 521 713 504 713 487 713 471 708 454 696 446L400 146C388 133 375 125 354 125 338 125 325 129 313 142 300 154 292 171 292 187 292 204 296 221 308 233L563 492 304 771C292 783 288 800 288 817 288 833 296 850 308 863 321 871 338 875 354 875 371 875 388 867 400 854L696 533Z\"><\/path><\/svg>\t\t\t\t\t\t<\/div> \t\t\t\t\t\t\t\t\t\t\t\t\t\t\t\t<div class=\"swiper-pagination\"><\/div> \t\t\t\t\t\t\t\t\t\t\t\t<\/div> \t\t\t\t\t\t\t\t<\/div> \t\t\t\t<\/div> \t\t<div class=\"elementor-element elementor-element-522e2d0 e-grid e-con-boxed e-con e-parent\" data-id=\"522e2d0\" data-element_type=\"container\" data-e-type=\"container\"> \t\t\t\t\t<div class=\"e-con-inner\"> \t\t<div class=\"elementor-element elementor-element-1c8017e e-con-full e-flex e-con e-child\" data-id=\"1c8017e\" data-element_type=\"container\" data-e-type=\"container\"> \t\t\t\t<div class=\"elementor-element elementor-element-541d364 elementor-widget elementor-widget-image\" data-id=\"541d364\" data-element_type=\"widget\" data-e-type=\"widget\" data-widget_type=\"image.default\"> \t\t\t\t\t\t\t\t\t\t\t\t\t\t\t<img fetchpriority=\"high\" decoding=\"async\" width=\"456\" height=\"540\" src=\"https:\/\/cnbalers.com\/wp-content\/uploads\/2023\/04\/img-1-456x540.jpg\" class=\"attachment-large size-large wp-image-177\" alt=\"\" srcset=\"https:\/\/cnbalers.com\/wp-content\/uploads\/2023\/04\/img-1-456x540.jpg 456w, https:\/\/cnbalers.com\/wp-content\/uploads\/2023\/04\/img-1-304x360.jpg 304w, https:\/\/cnbalers.com\/wp-content\/uploads\/2023\/04\/img-1.jpg 534w\" sizes=\"(max-width: 456px) 100vw, 456px\" \/>\t\t\t\t\t\t\t\t\t\t\t\t\t\t\t<\/div> \t\t\t\t<\/div> \t\t<div class=\"elementor-element elementor-element-09ffc28 e-con-full e-flex e-con e-child\" data-id=\"09ffc28\" data-element_type=\"container\" data-e-type=\"container\"> \t\t\t\t<div class=\"elementor-element elementor-element-589bcfd elementor-widget elementor-widget-text-editor\" data-id=\"589bcfd\" data-element_type=\"widget\" data-e-type=\"widget\" data-widget_type=\"text-editor.default\"> \t\t\t\t\t\t\t\t\t<h2>Fabricantes de prensas de balas hidr\u00e1ulicas horizontales<\/h2>\t\t\t\t\t\t\t\t<\/div> \t\t\t\t<div class=\"elementor-element elementor-element-8e24c3a elementor-widget elementor-widget-text-editor\" data-id=\"8e24c3a\" data-element_type=\"widget\" data-e-type=\"widget\" data-widget_type=\"text-editor.default\"> \t\t\t\t\t\t\t\t\t<p>La empresa Shuliy es un fabricante y exportador l\u00edder de m\u00e1quinas de balas industriales, con a\u00f1os de experiencia en la industria. Ofrecemos una amplia gama de productos que satisfacen las necesidades de diferentes industrias y aplicaciones. Nuestros productos son conocidos por su calidad excepcional, durabilidad y eficiencia. Utilizamos la \u00faltima tecnolog\u00eda y los mejores materiales para fabricar nuestros productos. Nuestro equipo de expertos se asegura de que cada m\u00e1quina sea rigurosamente probada para cumplir con los m\u00e1s altos est\u00e1ndares de calidad y rendimiento.<\/p><p>Para obtener m\u00e1s informaci\u00f3n sobre nuestros productos y servicios, visite nuestro sitio web o cont\u00e1ctenos hoy. \u00a1Esperamos poder atenderle!<\/p>\t\t\t\t\t\t\t\t<\/div> \t\t\t\t<div class=\"elementor-element elementor-element-2fd2af8 elementor-widget elementor-widget-button\" data-id=\"2fd2af8\" data-element_type=\"widget\" data-e-type=\"widget\" data-widget_type=\"button.default\"> \t\t\t\t\t\t\t\t\t\t<a class=\"elementor-button elementor-button-link elementor-size-sm\" href=\"https:\/\/cnbalers.com\/es\/about-us\/\"> \t\t\t\t\t\t<span class=\"elementor-button-content-wrapper\"> \t\t\t\t\t\t\t\t\t<span class=\"elementor-button-text\">Saber m\u00e1s<\/span> \t\t\t\t\t<\/span> \t\t\t\t\t<\/a> \t\t\t\t\t\t\t\t<\/div> \t\t\t\t<\/div> \t\t\t\t\t<\/div> \t\t\t\t<\/div> \t\t<div class=\"elementor-element elementor-element-2b88025 e-flex e-con-boxed e-con e-parent\" data-id=\"2b88025\" data-element_type=\"container\" data-e-type=\"container\" data-settings=\"{&quot;background_background&quot;:&quot;classic&quot;}\"> \t\t\t\t\t<div class=\"e-con-inner\"> \t\t<div class=\"elementor-element elementor-element-83709e6 e-con-full e-flex e-con e-child\" data-id=\"83709e6\" data-element_type=\"container\" data-e-type=\"container\" data-settings=\"{&quot;background_background&quot;:&quot;classic&quot;}\"> \t\t\t\t<div class=\"elementor-element elementor-element-8c0e10a elementor-widget elementor-widget-text-editor\" data-id=\"8c0e10a\" data-element_type=\"widget\" data-e-type=\"widget\" data-widget_type=\"text-editor.default\"> \t\t\t\t\t\t\t\t\t<p>La empresa Shuliy Baler mantiene un departamento de ingenier\u00eda progresivo que utiliza la \u00faltima tecnolog\u00eda de dise\u00f1o y un grupo dedicado de t\u00e9cnicos de servicio de campo que est\u00e1n disponibles para ayudarle con soluciones pr\u00e1cticas y con conocimiento que le ayudar\u00e1n a mantener su prensa funcionando de manera productiva durante muchos a\u00f1os.<\/p><p>American Baler Company cuenta con el apoyo de una red de distribuidores a nivel mundial. Nuestros distribuidores est\u00e1n capacitados para ayudarte a encontrar la prensa adecuada para tu aplicaci\u00f3n y para proporcionar un servicio continuo.<\/p><div>\u00a0<\/div><div>\u00a0<\/div>\t\t\t\t\t\t\t\t<\/div> \t\t\t\t<\/div> \t\t<div class=\"elementor-element elementor-element-190ce16 e-con-full e-flex e-con e-child\" data-id=\"190ce16\" data-element_type=\"container\" data-e-type=\"container\"> \t\t\t\t<div class=\"elementor-element elementor-element-a57ee1c elementor-widget elementor-widget-image\" data-id=\"a57ee1c\" data-element_type=\"widget\" data-e-type=\"widget\" data-widget_type=\"image.default\"> \t\t\t\t\t\t\t\t\t\t\t\t\t\t\t<img decoding=\"async\" width=\"1536\" height=\"863\" src=\"https:\/\/cnbalers.com\/wp-content\/uploads\/2023\/05\/baler-machine-manufacturer.jpg\" class=\"attachment-full size-full wp-image-1464\" alt=\"de m\u00e1quinas enfardadoras\" srcset=\"https:\/\/cnbalers.com\/wp-content\/uploads\/2023\/05\/baler-machine-manufacturer.jpg 1536w, https:\/\/cnbalers.com\/wp-content\/uploads\/2023\/05\/baler-machine-manufacturer-480x270.jpg 480w, https:\/\/cnbalers.com\/wp-content\/uploads\/2023\/05\/baler-machine-manufacturer-720x405.jpg 720w, https:\/\/cnbalers.com\/wp-content\/uploads\/2023\/05\/baler-machine-manufacturer-768x432.jpg 768w\" sizes=\"(max-width: 1536px) 100vw, 1536px\" \/>\t\t\t\t\t\t\t\t\t\t\t\t\t\t\t<\/div> \t\t\t\t<\/div> \t\t\t\t\t<\/div> \t\t\t\t<\/div> \t\t<div class=\"elementor-element elementor-element-1236a22 e-flex e-con-boxed e-con e-parent\" data-id=\"1236a22\" data-element_type=\"container\" data-e-type=\"container\" data-settings=\"{&quot;background_background&quot;:&quot;classic&quot;}\"> \t\t\t\t\t<div class=\"e-con-inner\"> \t\t<div class=\"elementor-element elementor-element-07db218 e-con-full e-flex e-con e-child\" data-id=\"07db218\" data-element_type=\"container\" data-e-type=\"container\" data-settings=\"{&quot;background_background&quot;:&quot;classic&quot;}\"> \t\t\t\t<div class=\"elementor-element elementor-element-e157a24 elementor-widget elementor-widget-image\" data-id=\"e157a24\" data-element_type=\"widget\" data-e-type=\"widget\" data-widget_type=\"image.default\"> \t\t\t\t\t\t\t\t\t\t\t\t\t\t\t<img decoding=\"async\" width=\"360\" height=\"360\" src=\"https:\/\/cnbalers.com\/wp-content\/uploads\/2023\/04\/hudraulic-vertical-baler-360x360.jpg\" class=\"attachment-medium size-medium wp-image-492\" alt=\"prensa vertical hidr\u00e1ulica\" srcset=\"https:\/\/cnbalers.com\/wp-content\/uploads\/2023\/04\/hudraulic-vertical-baler-360x360.jpg 360w, https:\/\/cnbalers.com\/wp-content\/uploads\/2023\/04\/hudraulic-vertical-baler-540x540.jpg 540w, https:\/\/cnbalers.com\/wp-content\/uploads\/2023\/04\/hudraulic-vertical-baler.jpg 750w\" sizes=\"(max-width: 360px) 100vw, 360px\" \/>\t\t\t\t\t\t\t\t\t\t\t\t\t\t\t<\/div> \t\t\t\t<\/div> \t\t<div class=\"elementor-element elementor-element-c8d2d5b e-con-full e-flex e-con e-child\" data-id=\"c8d2d5b\" data-element_type=\"container\" data-e-type=\"container\"> \t\t\t\t<div class=\"elementor-element elementor-element-1239388 elementor-widget elementor-widget-heading\" data-id=\"1239388\" data-element_type=\"widget\" data-e-type=\"widget\" data-widget_type=\"heading.default\"> \t\t\t\t\t<h2 class=\"elementor-heading-title elementor-size-default\"><a href=\"https:\/\/cnbalers.com\/es\/products\/vertical-baler\/\">Prensa vertical<\/a><\/h2>\t\t\t\t<\/div> \t\t\t\t<div class=\"elementor-element elementor-element-0904689 elementor-widget elementor-widget-text-editor\" data-id=\"0904689\" data-element_type=\"widget\" data-e-type=\"widget\" data-widget_type=\"text-editor.default\"> \t\t\t\t\t\t\t\t\t<p>Esta m\u00e1quina de prensado vertical se utiliza para comprimir y atar materiales como papel, cart\u00f3n, pl\u00e1stico o textiles en pacas compactas. Su capacidad var\u00eda de 10 toneladas a 100 toneladas. Se utiliza com\u00fanmente en centros de reciclaje, almacenes, instalaciones de fabricaci\u00f3n, supermercados y otros negocios que generan grandes cantidades de materiales de desecho.\u00a0<\/p>\t\t\t\t\t\t\t\t<\/div> \t\t\t\t<\/div> \t\t\t\t\t<\/div> \t\t\t\t<\/div> \t\t<div class=\"elementor-element elementor-element-b00b0ef e-flex e-con-boxed e-con e-parent\" data-id=\"b00b0ef\" data-element_type=\"container\" data-e-type=\"container\" data-settings=\"{&quot;background_background&quot;:&quot;classic&quot;}\"> \t\t\t\t\t<div class=\"e-con-inner\"> \t\t<div class=\"elementor-element elementor-element-6275787 e-con-full e-flex e-con e-child\" data-id=\"6275787\" data-element_type=\"container\" data-e-type=\"container\"> \t\t\t\t<div class=\"elementor-element elementor-element-491b2e4 elementor-widget elementor-widget-heading\" data-id=\"491b2e4\" data-element_type=\"widget\" data-e-type=\"widget\" data-widget_type=\"heading.default\"> \t\t\t\t\t<h2 class=\"elementor-heading-title elementor-size-default\"><a href=\"https:\/\/cnbalers.com\/es\/products\/horizontal-baler\/\">M\u00e1quina de prensado horizontal<\/a><\/h2>\t\t\t\t<\/div> \t\t\t\t<div class=\"elementor-element elementor-element-8ddac6f elementor-widget elementor-widget-text-editor\" data-id=\"8ddac6f\" data-element_type=\"widget\" data-e-type=\"widget\" data-widget_type=\"text-editor.default\"> \t\t\t\t\t\t\t\t\t<p>Shuliy maquinaria ofrece una serie de prensas horizontales para residuos en venta. La potencia hidr\u00e1ulica de la m\u00e1quina var\u00eda de 120 toneladas a 200 toneladas. Cualquiera que sea la industria en la que se encuentre, podemos proporcionar excelentes soluciones de m\u00e1quinas de embalaje horizontales para sus necesidades espec\u00edficas. P\u00f3ngase en contacto con nosotros hoy para comenzar su negocio.<\/p><p>\u00a0<\/p>\t\t\t\t\t\t\t\t<\/div> \t\t\t\t<\/div> \t\t<div class=\"elementor-element elementor-element-e18b466 e-con-full e-flex e-con e-child\" data-id=\"e18b466\" data-element_type=\"container\" data-e-type=\"container\"> \t\t\t\t<div class=\"elementor-element elementor-element-0b7cce0 elementor-widget elementor-widget-image\" data-id=\"0b7cce0\" data-element_type=\"widget\" data-e-type=\"widget\" data-widget_type=\"image.default\"> \t\t\t\t\t\t\t\t\t\t\t\t\t\t\t<img loading=\"lazy\" decoding=\"async\" width=\"360\" height=\"360\" src=\"https:\/\/cnbalers.com\/wp-content\/uploads\/2023\/04\/horizontal-bailing-machine-360x360.jpg\" class=\"attachment-medium size-medium wp-image-508\" alt=\"m\u00e1quina de balas horizontal\" srcset=\"https:\/\/cnbalers.com\/wp-content\/uploads\/2023\/04\/horizontal-bailing-machine-360x360.jpg 360w, https:\/\/cnbalers.com\/wp-content\/uploads\/2023\/04\/horizontal-bailing-machine-540x540.jpg 540w, https:\/\/cnbalers.com\/wp-content\/uploads\/2023\/04\/horizontal-bailing-machine.jpg 750w\" sizes=\"(max-width: 360px) 100vw, 360px\" \/>\t\t\t\t\t\t\t\t\t\t\t\t\t\t\t<\/div> \t\t\t\t<\/div> \t\t\t\t\t<\/div> \t\t\t\t<\/div> \t\t<div class=\"elementor-element elementor-element-9aa55f5 e-flex e-con-boxed e-con e-parent\" data-id=\"9aa55f5\" data-element_type=\"container\" data-e-type=\"container\" data-settings=\"{&quot;background_background&quot;:&quot;classic&quot;}\"> \t\t\t\t\t<div class=\"e-con-inner\"> \t\t<div class=\"elementor-element elementor-element-2ec67e0 e-con-full e-flex e-con e-child\" data-id=\"2ec67e0\" data-element_type=\"container\" data-e-type=\"container\" data-settings=\"{&quot;background_background&quot;:&quot;classic&quot;}\"> \t\t\t\t<div class=\"elementor-element elementor-element-c6a800e elementor-widget elementor-widget-image\" data-id=\"c6a800e\" data-element_type=\"widget\" data-e-type=\"widget\" data-widget_type=\"image.default\"> \t\t\t\t\t\t\t\t\t\t\t\t\t\t\t<img loading=\"lazy\" decoding=\"async\" width=\"360\" height=\"360\" src=\"https:\/\/cnbalers.com\/wp-content\/uploads\/2023\/04\/metal-baler-machine-360x360.jpg\" class=\"attachment-medium size-medium wp-image-531\" alt=\"\" srcset=\"https:\/\/cnbalers.com\/wp-content\/uploads\/2023\/04\/metal-baler-machine-360x360.jpg 360w, https:\/\/cnbalers.com\/wp-content\/uploads\/2023\/04\/metal-baler-machine-540x540.jpg 540w, https:\/\/cnbalers.com\/wp-content\/uploads\/2023\/04\/metal-baler-machine.jpg 750w\" sizes=\"(max-width: 360px) 100vw, 360px\" \/>\t\t\t\t\t\t\t\t\t\t\t\t\t\t\t<\/div> \t\t\t\t<\/div> \t\t<div class=\"elementor-element elementor-element-f80a942 e-con-full e-flex e-con e-child\" data-id=\"f80a942\" data-element_type=\"container\" data-e-type=\"container\"> \t\t\t\t<div class=\"elementor-element elementor-element-f5a173a elementor-widget elementor-widget-heading\" data-id=\"f5a173a\" data-element_type=\"widget\" data-e-type=\"widget\" data-widget_type=\"heading.default\"> \t\t\t\t\t<h2 class=\"elementor-heading-title elementor-size-default\"><a href=\"https:\/\/cnbalers.com\/es\/products\/scrap-metal-baler\/\">M\u00e1quina de prensado de metal<\/a><\/h2>\t\t\t\t<\/div> \t\t\t\t<div class=\"elementor-element elementor-element-8585586 elementor-widget elementor-widget-text-editor\" data-id=\"8585586\" data-element_type=\"widget\" data-e-type=\"widget\" data-widget_type=\"text-editor.default\"> \t\t\t\t\t\t\t\t\t<p>Shuliy Machinery suministra una serie de prensas hidr\u00e1ulicas para metal con materiales duraderos y alto rendimiento. La potencia de presi\u00f3n de la m\u00e1quina puede alcanzar hasta 400 toneladas. Podemos satisfacer todos sus requisitos especiales con una fuerte capacidad y una poderosa capacidad de investigaci\u00f3n. Bienvenido a contactarnos para obtener la mejor cotizaci\u00f3n.<\/p><p>\u00a0<\/p>\t\t\t\t\t\t\t\t<\/div> \t\t\t\t<\/div> \t\t\t\t\t<\/div> \t\t\t\t<\/div> \t\t<div class=\"elementor-element elementor-element-7c5fa5d e-flex e-con-boxed e-con e-parent\" data-id=\"7c5fa5d\" data-element_type=\"container\" data-e-type=\"container\" data-settings=\"{&quot;background_background&quot;:&quot;classic&quot;}\"> \t\t\t\t\t<div class=\"e-con-inner\"> \t\t\t\t<div class=\"elementor-element elementor-element-5b3f198 elementor-cta--skin-cover elementor-widget__width-inherit btn-getquote elementor-animated-content elementor-widget elementor-widget-call-to-action\" data-id=\"5b3f198\" data-element_type=\"widget\" data-e-type=\"widget\" data-widget_type=\"call-to-action.default\"> \t\t\t\t\t\t\t<a class=\"elementor-cta\" href=\"#\"> \t\t\t\t\t<div class=\"elementor-cta__bg-wrapper\"> \t\t\t\t<div class=\"elementor-cta__bg elementor-bg\" style=\"background-image: url();\" role=\"img\" aria-label=\"\"><\/div> \t\t\t\t<div class=\"elementor-cta__bg-overlay\"><\/div> \t\t\t<\/div> \t\t\t\t\t\t\t<div class=\"elementor-cta__content\"> \t\t\t\t \t\t\t\t\t\t\t\t\t<h2 class=\"elementor-cta__title elementor-cta__content-item elementor-content-item elementor-animated-item--grow\"> \t\t\t\t\t\tComienza con la prensa Shuliy hoy\t\t\t\t\t<\/h2> \t\t\t\t \t\t\t\t\t\t\t\t\t<div class=\"elementor-cta__description elementor-cta__content-item elementor-content-item elementor-animated-item--grow\"> \t\t\t\t\t\t\u00bfEst\u00e1 buscando una m\u00e1quina de balas industrial confiable con un excelente servicio? Cont\u00e1ctenos hoy para obtener la mejor cotizaci\u00f3n. \t\t\t\t\t<\/div> \t\t\t\t \t\t\t\t\t\t\t\t\t<div class=\"elementor-cta__button-wrapper elementor-cta__content-item elementor-content-item elementor-animated-item--grow\"> \t\t\t\t\t<span class=\"elementor-cta__button elementor-button elementor-size-\"> \t\t\t\t\t\tSolicitar una cotizaci\u00f3n gratuita\t\t\t\t\t<\/span> \t\t\t\t\t<\/div> \t\t\t\t\t\t\t<\/div> \t\t\t\t\t\t<\/a> \t\t\t\t\t\t<\/div> \t\t\t\t\t<\/div> \t\t\t\t<\/div> \t\t\t\t<\/div>","protected":false},"excerpt":{"rendered":"<p>Shuliy Baler CompanyLeading and Trustworthy Industrial Baler Manufacturer &#038; ExporterShuliy Baler CompanyLeading and Trustworthy Industrial Baler Manufacturer &#038; ExporterShuliy Baler CompanyLeading and Trustworthy Industrial Baler Manufacturer &#038; Exporter HORIZONTAL HYDRAULIC BALING PRESS MANUFACTURERS Shuliy company is a leading manufacturer and exporter of industrial baling machines, with years of experience in the industry. We offer a [&hellip;]<\/p>\n","protected":false},"author":1,"featured_media":0,"parent":0,"menu_order":0,"comment_status":"closed","ping_status":"closed","template":"","meta":{"footnotes":""},"class_list":["post-24","page","type-page","status-publish","hentry"],"_links":{"self":[{"href":"https:\/\/cnbalers.com\/es\/wp-json\/wp\/v2\/pages\/24","targetHints":{"allow":["GET"]}}],"collection":[{"href":"https:\/\/cnbalers.com\/es\/wp-json\/wp\/v2\/pages"}],"about":[{"href":"https:\/\/cnbalers.com\/es\/wp-json\/wp\/v2\/types\/page"}],"author":[{"embeddable":true,"href":"https:\/\/cnbalers.com\/es\/wp-json\/wp\/v2\/users\/1"}],"replies":[{"embeddable":true,"href":"https:\/\/cnbalers.com\/es\/wp-json\/wp\/v2\/comments?post=24"}],"version-history":[{"count":0,"href":"https:\/\/cnbalers.com\/es\/wp-json\/wp\/v2\/pages\/24\/revisions"}],"wp:attachment":[{"href":"https:\/\/cnbalers.com\/es\/wp-json\/wp\/v2\/media?parent=24"}],"curies":[{"name":"wp","href":"https:\/\/api.w.org\/{rel}","templated":true}]}}