{"id":18,"date":"2023-04-23T10:19:53","date_gmt":"2023-04-23T02:19:53","guid":{"rendered":"https:\/\/cnbalers.com\/?page_id=18"},"modified":"2024-03-29T14:58:35","modified_gmt":"2024-03-29T06:58:35","slug":"about-us","status":"publish","type":"page","link":"https:\/\/cnbalers.com\/fr\/about-us\/","title":{"rendered":"\u00c0 propos de nous"},"content":{"rendered":"<div data-elementor-type=\"wp-page\" data-elementor-id=\"18\" class=\"elementor elementor-18\" data-elementor-post-type=\"page\"> \t\t\t\t<div class=\"elementor-element elementor-element-4132c84 e-con-full e-flex e-con e-parent\" data-id=\"4132c84\" data-element_type=\"container\" data-e-type=\"container\"> \t\t\t\t<div class=\"elementor-element elementor-element-bff5227 elementor--h-position-center elementor--v-position-middle elementor-arrows-position-inside elementor-pagination-position-inside elementor-widget elementor-widget-slides\" data-id=\"bff5227\" data-element_type=\"widget\" data-e-type=\"widget\" data-settings=\"{&quot;navigation&quot;:&quot;both&quot;,&quot;autoplay&quot;:&quot;yes&quot;,&quot;pause_on_hover&quot;:&quot;yes&quot;,&quot;pause_on_interaction&quot;:&quot;yes&quot;,&quot;autoplay_speed&quot;:5000,&quot;infinite&quot;:&quot;yes&quot;,&quot;transition&quot;:&quot;slide&quot;,&quot;transition_speed&quot;:500}\" data-widget_type=\"slides.default\"> \t\t\t\t\t\t\t\t\t\t<div class=\"elementor-slides-wrapper elementor-main-swiper swiper\" role=\"region\" aria-roledescription=\"carousel\" aria-label=\"Diapositives\" dir=\"ltr\" data-animation=\"\"> \t\t\t\t<div class=\"swiper-wrapper elementor-slides\"> \t\t\t\t\t\t\t\t\t\t<div class=\"elementor-repeater-item-a90c4ba swiper-slide\" role=\"group\" aria-roledescription=\"slide\"><div class=\"swiper-slide-bg\" role=\"img\" aria-label=\"appel \u00e0 l&#039;action\"><\/div><div class=\"swiper-slide-inner\" ><div class=\"swiper-slide-contents\"><div class=\"elementor-slide-heading\">\u00c0 propos de nous<\/div><\/div><\/div><\/div>\t\t\t\t<\/div> \t\t\t\t\t\t\t<\/div> \t\t\t\t\t\t\t\t<\/div> \t\t\t\t<\/div> \t\t<div class=\"elementor-element elementor-element-1a4ec013 e-con-full e-flex e-con e-parent\" data-id=\"1a4ec013\" data-element_type=\"container\" data-e-type=\"container\"> \t\t<div class=\"elementor-element elementor-element-1645c6ae e-con-full e-flex e-con e-child\" data-id=\"1645c6ae\" data-element_type=\"container\" data-e-type=\"container\"> \t\t\t\t<div class=\"elementor-element elementor-element-6309e6cb elementor-widget elementor-widget-heading\" data-id=\"6309e6cb\" data-element_type=\"widget\" data-e-type=\"widget\" data-widget_type=\"heading.default\"> \t\t\t\t\t<h2 class=\"elementor-heading-title elementor-size-default\">\u00c0 propos de nous<\/h2>\t\t\t\t<\/div> \t\t\t\t<div class=\"elementor-element elementor-element-3f834fbf elementor-widget elementor-widget-text-editor\" data-id=\"3f834fbf\" data-element_type=\"widget\" data-e-type=\"widget\" data-widget_type=\"text-editor.default\"> \t\t\t\t\t\t\t\t\t<p>La soci\u00e9t\u00e9 Shuliy est un fabricant et exportateur de premier plan de machines \u00e0 balles industrielles, avec des ann\u00e9es d'exp\u00e9rience dans l'industrie. Nous proposons une large gamme de produits qui r\u00e9pondent aux besoins de diff\u00e9rentes industries et applications. Nos produits sont connus pour leur qualit\u00e9 exceptionnelle, leur durabilit\u00e9 et leur efficacit\u00e9. Nous utilisons la derni\u00e8re technologie et les meilleurs mat\u00e9riaux pour fabriquer nos produits. Notre \u00e9quipe d'experts s'assure que chaque machine est soigneusement test\u00e9e pour r\u00e9pondre aux normes les plus \u00e9lev\u00e9es de qualit\u00e9 et de performance.<\/p><p>\u00a0<\/p>\t\t\t\t\t\t\t\t<\/div> \t\t\t\t<\/div> \t\t<div class=\"elementor-element elementor-element-5ff64a72 e-con-full e-flex e-con e-child\" data-id=\"5ff64a72\" data-element_type=\"container\" data-e-type=\"container\" data-settings=\"{&quot;background_background&quot;:&quot;classic&quot;}\"> \t\t\t\t<div class=\"elementor-element elementor-element-5787f2d7 elementor-widget elementor-widget-image\" data-id=\"5787f2d7\" data-element_type=\"widget\" data-e-type=\"widget\" data-widget_type=\"image.default\"> \t\t\t\t\t\t\t\t\t\t\t\t\t\t\t<img fetchpriority=\"high\" decoding=\"async\" width=\"720\" height=\"481\" src=\"https:\/\/cnbalers.com\/wp-content\/uploads\/2023\/05\/shuliy-company-720x481.jpg\" class=\"attachment-large size-large wp-image-1494\" alt=\"entreprise shuliy\" srcset=\"https:\/\/cnbalers.com\/wp-content\/uploads\/2023\/05\/shuliy-company-720x481.jpg 720w, https:\/\/cnbalers.com\/wp-content\/uploads\/2023\/05\/shuliy-company-480x321.jpg 480w, https:\/\/cnbalers.com\/wp-content\/uploads\/2023\/05\/shuliy-company-270x180.jpg 270w, https:\/\/cnbalers.com\/wp-content\/uploads\/2023\/05\/shuliy-company-768x513.jpg 768w, https:\/\/cnbalers.com\/wp-content\/uploads\/2023\/05\/shuliy-company.jpg 1024w\" sizes=\"(max-width: 720px) 100vw, 720px\" \/>\t\t\t\t\t\t\t\t\t\t\t\t\t\t\t<\/div> \t\t\t\t<\/div> \t\t\t\t<\/div> \t\t<div class=\"elementor-element elementor-element-767fd93d e-flex e-con-boxed e-con e-parent\" data-id=\"767fd93d\" data-element_type=\"container\" data-e-type=\"container\"> \t\t\t\t\t<div class=\"e-con-inner\"> \t\t<div class=\"elementor-element elementor-element-19a57ea8 e-con-full e-flex e-con e-child\" data-id=\"19a57ea8\" data-element_type=\"container\" data-e-type=\"container\"> \t\t\t\t<div class=\"elementor-element elementor-element-1cd8e705 elementor-widget elementor-widget-image\" data-id=\"1cd8e705\" data-element_type=\"widget\" data-e-type=\"widget\" data-widget_type=\"image.default\"> \t\t\t\t\t\t\t\t\t\t\t\t\t\t\t<img decoding=\"async\" width=\"720\" height=\"420\" src=\"https:\/\/cnbalers.com\/wp-content\/uploads\/2023\/05\/customers-show-720x420.jpg\" class=\"attachment-large size-large wp-image-1498\" alt=\"\" srcset=\"https:\/\/cnbalers.com\/wp-content\/uploads\/2023\/05\/customers-show-720x420.jpg 720w, https:\/\/cnbalers.com\/wp-content\/uploads\/2023\/05\/customers-show-480x280.jpg 480w, https:\/\/cnbalers.com\/wp-content\/uploads\/2023\/05\/customers-show-768x448.jpg 768w, https:\/\/cnbalers.com\/wp-content\/uploads\/2023\/05\/customers-show.jpg 1200w\" sizes=\"(max-width: 720px) 100vw, 720px\" \/>\t\t\t\t\t\t\t\t\t\t\t\t\t\t\t<\/div> \t\t\t\t<\/div> \t\t<div class=\"elementor-element elementor-element-723823d2 e-con-full e-flex e-con e-child\" data-id=\"723823d2\" data-element_type=\"container\" data-e-type=\"container\"> \t\t\t\t<div class=\"elementor-element elementor-element-5c76075c elementor-widget elementor-widget-heading\" data-id=\"5c76075c\" data-element_type=\"widget\" data-e-type=\"widget\" data-widget_type=\"heading.default\"> \t\t\t\t\t<h2 class=\"elementor-heading-title elementor-size-default\">Notre mission<\/h2>\t\t\t\t<\/div> \t\t\t\t<div class=\"elementor-element elementor-element-2689b66f elementor-widget elementor-widget-text-editor\" data-id=\"2689b66f\" data-element_type=\"widget\" data-e-type=\"widget\" data-widget_type=\"text-editor.default\"> \t\t\t\t\t\t\t\t\t<p>Notre mission chez Shuliy est de devenir un leader dans l'industrie des machines \u00e0 presse industrielle, en fournissant \u00e0 nos clients des produits innovants et de haute qualit\u00e9 qui r\u00e9pondent \u00e0 leurs besoins et d\u00e9passent leurs attentes. Nous priorisons la satisfaction client gr\u00e2ce \u00e0 un service et un soutien personnalis\u00e9s, tout en respectant des pratiques commerciales \u00e9thiques et en promouvant la durabilit\u00e9. Gr\u00e2ce \u00e0 une innovation continue et un engagement envers l'excellence, nous visons \u00e0 cr\u00e9er un impact positif sur notre communaut\u00e9 et l'environnement.<\/p><p>\u00a0<\/p>\t\t\t\t\t\t\t\t<\/div> \t\t\t\t<\/div> \t\t\t\t\t<\/div> \t\t\t\t<\/div> \t\t<div class=\"elementor-element elementor-element-2711f6ec e-flex e-con-boxed e-con e-parent\" data-id=\"2711f6ec\" data-element_type=\"container\" data-e-type=\"container\"> \t\t\t\t\t<div class=\"e-con-inner\"> \t\t<div class=\"elementor-element elementor-element-329086da e-con-full e-flex e-con e-child\" data-id=\"329086da\" data-element_type=\"container\" data-e-type=\"container\"> \t\t\t\t<div class=\"elementor-element elementor-element-46c8ea19 elementor-widget elementor-widget-heading\" data-id=\"46c8ea19\" data-element_type=\"widget\" data-e-type=\"widget\" data-widget_type=\"heading.default\"> \t\t\t\t\t<h2 class=\"elementor-heading-title elementor-size-default\">Pourquoi nous choisir<\/h2>\t\t\t\t<\/div> \t\t\t\t<div class=\"elementor-element elementor-element-7e344d55 elementor-widget elementor-widget-text-editor\" data-id=\"7e344d55\" data-element_type=\"widget\" data-e-type=\"widget\" data-widget_type=\"text-editor.default\"> \t\t\t\t\t\t\t\t\t<p>Lorsque vous recherchez des machines \u00e0 presse industrielle, Shuliy est le choix \u00e9vident. Nous offrons des produits de haute qualit\u00e9, des solutions innovantes et un excellent service client. Nous sommes engag\u00e9s en faveur de la durabilit\u00e9 et des pratiques commerciales \u00e9thiques, et nos prix comp\u00e9titifs ainsi que nos options de personnalisation font de nous un partenaire id\u00e9al pour tous vos besoins.<\/p>\t\t\t\t\t\t\t\t<\/div> \t\t\t\t<div class=\"elementor-element elementor-element-6fdc3e4a elementor-align-start elementor-icon-list--layout-traditional elementor-list-item-link-full_width elementor-widget elementor-widget-icon-list\" data-id=\"6fdc3e4a\" data-element_type=\"widget\" data-e-type=\"widget\" data-widget_type=\"icon-list.default\"> \t\t\t\t\t\t\t<ul class=\"elementor-icon-list-items\"> \t\t\t\t\t\t\t<li class=\"elementor-icon-list-item\"> \t\t\t\t\t\t\t\t\t\t\t<a href=\"#\">  \t\t\t\t\t\t\t\t\t\t\t\t<span class=\"elementor-icon-list-icon\"> \t\t\t\t\t\t\t<svg aria-hidden=\"true\" class=\"e-font-icon-svg e-fas-square-full\" viewbox=\"0 0 512 512\" xmlns=\"http:\/\/www.w3.org\/2000\/svg\"><path d=\"M512 512H0V0h512v512z\"><\/path><\/svg>\t\t\t\t\t\t<\/span> \t\t\t\t\t\t\t\t\t\t<span class=\"elementor-icon-list-text\">Produits de qualit\u00e9<\/span> \t\t\t\t\t\t\t\t\t\t\t<\/a> \t\t\t\t\t\t\t\t\t<\/li> \t\t\t\t\t\t\t\t<li class=\"elementor-icon-list-item\"> \t\t\t\t\t\t\t\t\t\t\t<a href=\"#\">  \t\t\t\t\t\t\t\t\t\t\t\t<span class=\"elementor-icon-list-icon\"> \t\t\t\t\t\t\t<svg aria-hidden=\"true\" class=\"e-font-icon-svg e-fas-square-full\" viewbox=\"0 0 512 512\" xmlns=\"http:\/\/www.w3.org\/2000\/svg\"><path d=\"M512 512H0V0h512v512z\"><\/path><\/svg>\t\t\t\t\t\t<\/span> \t\t\t\t\t\t\t\t\t\t<span class=\"elementor-icon-list-text\">Service client excellent<\/span> \t\t\t\t\t\t\t\t\t\t\t<\/a> \t\t\t\t\t\t\t\t\t<\/li> \t\t\t\t\t\t\t\t<li class=\"elementor-icon-list-item\"> \t\t\t\t\t\t\t\t\t\t\t<a href=\"#\">  \t\t\t\t\t\t\t\t\t\t\t\t<span class=\"elementor-icon-list-icon\"> \t\t\t\t\t\t\t<svg aria-hidden=\"true\" class=\"e-font-icon-svg e-fas-square-full\" viewbox=\"0 0 512 512\" xmlns=\"http:\/\/www.w3.org\/2000\/svg\"><path d=\"M512 512H0V0h512v512z\"><\/path><\/svg>\t\t\t\t\t\t<\/span> \t\t\t\t\t\t\t\t\t\t<span class=\"elementor-icon-list-text\">Durabilit\u00e9<\/span> \t\t\t\t\t\t\t\t\t\t\t<\/a> \t\t\t\t\t\t\t\t\t<\/li> \t\t\t\t\t\t\t\t<li class=\"elementor-icon-list-item\"> \t\t\t\t\t\t\t\t\t\t\t<a href=\"#\">  \t\t\t\t\t\t\t\t\t\t\t\t<span class=\"elementor-icon-list-icon\"> \t\t\t\t\t\t\t<svg aria-hidden=\"true\" class=\"e-font-icon-svg e-fas-square-full\" viewbox=\"0 0 512 512\" xmlns=\"http:\/\/www.w3.org\/2000\/svg\"><path d=\"M512 512H0V0h512v512z\"><\/path><\/svg>\t\t\t\t\t\t<\/span> \t\t\t\t\t\t\t\t\t\t<span class=\"elementor-icon-list-text\">Prix comp\u00e9titifs<\/span> \t\t\t\t\t\t\t\t\t\t\t<\/a> \t\t\t\t\t\t\t\t\t<\/li> \t\t\t\t\t\t<\/ul> \t\t\t\t\t\t<\/div> \t\t\t\t<\/div> \t\t<div class=\"elementor-element elementor-element-17181ac0 e-con-full e-flex e-con e-child\" data-id=\"17181ac0\" data-element_type=\"container\" data-e-type=\"container\"> \t\t\t\t<div class=\"elementor-element elementor-element-4b6a5165 elementor-widget elementor-widget-image\" data-id=\"4b6a5165\" data-element_type=\"widget\" data-e-type=\"widget\" data-widget_type=\"image.default\"> \t\t\t\t\t\t\t\t\t\t\t\t\t\t\t<img decoding=\"async\" width=\"1536\" height=\"863\" src=\"https:\/\/cnbalers.com\/wp-content\/uploads\/2023\/05\/baler-machine-manufacturer.jpg\" class=\"attachment-full size-full wp-image-1464\" alt=\"fabricant de machines \u00e0 balles\" srcset=\"https:\/\/cnbalers.com\/wp-content\/uploads\/2023\/05\/baler-machine-manufacturer.jpg 1536w, https:\/\/cnbalers.com\/wp-content\/uploads\/2023\/05\/baler-machine-manufacturer-480x270.jpg 480w, https:\/\/cnbalers.com\/wp-content\/uploads\/2023\/05\/baler-machine-manufacturer-720x405.jpg 720w, https:\/\/cnbalers.com\/wp-content\/uploads\/2023\/05\/baler-machine-manufacturer-768x432.jpg 768w\" sizes=\"(max-width: 1536px) 100vw, 1536px\" \/>\t\t\t\t\t\t\t\t\t\t\t\t\t\t\t<\/div> \t\t\t\t<\/div> \t\t\t\t\t<\/div> \t\t\t\t<\/div> \t\t<div class=\"elementor-element elementor-element-34a42c3a e-flex e-con-boxed e-con e-parent\" data-id=\"34a42c3a\" data-element_type=\"container\" data-e-type=\"container\"> \t\t\t\t\t<div class=\"e-con-inner\"> \t\t\t\t<div class=\"elementor-element elementor-element-6cffccb7 elementor-widget elementor-widget-heading\" data-id=\"6cffccb7\" data-element_type=\"widget\" data-e-type=\"widget\" data-widget_type=\"heading.default\"> \t\t\t\t\t<h2 class=\"elementor-heading-title elementor-size-default\">Vous voulez d\u00e9marrer votre entreprise et gagner plus d'argent ?<\/h2>\t\t\t\t<\/div> \t\t\t\t<div class=\"elementor-element elementor-element-4618a778 elementor-widget elementor-widget-text-editor\" data-id=\"4618a778\" data-element_type=\"widget\" data-e-type=\"widget\" data-widget_type=\"text-editor.default\"> \t\t\t\t\t\t\t\t\t<p>Nous priorisons la satisfaction de nos clients et nous nous effor\u00e7ons de leur fournir des produits de la plus haute qualit\u00e9, un service exceptionnel et des pratiques commerciales \u00e9thiques.<\/p>\t\t\t\t\t\t\t\t<\/div> \t\t\t\t<div class=\"elementor-element elementor-element-6cfe7c06 elementor-align-center elementor-mobile-align-center elementor-widget elementor-widget-button\" data-id=\"6cfe7c06\" data-element_type=\"widget\" data-e-type=\"widget\" data-widget_type=\"button.default\"> \t\t\t\t\t\t\t\t\t\t<a class=\"elementor-button elementor-button-link elementor-size-sm\" href=\"https:\/\/wa.me\/+8615838192276\" target=\"_blank\" rel=\"noopener\"> \t\t\t\t\t\t<span class=\"elementor-button-content-wrapper\"> \t\t\t\t\t\t\t\t\t<span class=\"elementor-button-text\">Contactez-nous sur WhatsApp<\/span> \t\t\t\t\t<\/span> \t\t\t\t\t<\/a> \t\t\t\t\t\t\t\t<\/div> \t\t\t\t\t<\/div> \t\t\t\t<\/div> \t\t\t\t<\/div>","protected":false},"excerpt":{"rendered":"<p>About Us About Us\u200b Shuliy company is a leading manufacturer and exporter of industrial baler machines, with years of experience in the industry. We offer a wide range of products that cater to the needs of different industries and applications. Our products are known for their exceptional quality, durability, and efficiency. We use the latest [&hellip;]<\/p>\n","protected":false},"author":1,"featured_media":0,"parent":0,"menu_order":0,"comment_status":"closed","ping_status":"closed","template":"","meta":{"footnotes":""},"class_list":["post-18","page","type-page","status-publish","hentry"],"_links":{"self":[{"href":"https:\/\/cnbalers.com\/fr\/wp-json\/wp\/v2\/pages\/18","targetHints":{"allow":["GET"]}}],"collection":[{"href":"https:\/\/cnbalers.com\/fr\/wp-json\/wp\/v2\/pages"}],"about":[{"href":"https:\/\/cnbalers.com\/fr\/wp-json\/wp\/v2\/types\/page"}],"author":[{"embeddable":true,"href":"https:\/\/cnbalers.com\/fr\/wp-json\/wp\/v2\/users\/1"}],"replies":[{"embeddable":true,"href":"https:\/\/cnbalers.com\/fr\/wp-json\/wp\/v2\/comments?post=18"}],"version-history":[{"count":0,"href":"https:\/\/cnbalers.com\/fr\/wp-json\/wp\/v2\/pages\/18\/revisions"}],"wp:attachment":[{"href":"https:\/\/cnbalers.com\/fr\/wp-json\/wp\/v2\/media?parent=18"}],"curies":[{"name":"wp","href":"https:\/\/api.w.org\/{rel}","templated":true}]}}